{"id":1756,"date":"2023-04-29T18:04:26","date_gmt":"2023-04-29T18:04:26","guid":{"rendered":"https:\/\/www.nanahotels.gr\/?page_id=1756"},"modified":"2023-04-29T18:05:01","modified_gmt":"2023-04-29T18:05:01","slug":"lefteris-arvanitakis-de-new","status":"publish","type":"page","link":"https:\/\/www.nanahotels.gr\/de\/lefteris-arvanitakis-de-new\/","title":{"rendered":"Lefteris Arvanitakis DE NEW"},"content":{"rendered":"\t\t<div data-elementor-type=\"wp-page\" data-elementor-id=\"1756\" class=\"elementor elementor-1756\" data-elementor-post-type=\"page\">\n\t\t\t\t\t\t<section class=\"elementor-section elementor-top-section elementor-element elementor-element-14c362e6 elementor-section-boxed elementor-section-height-default elementor-section-height-default\" data-id=\"14c362e6\" data-element_type=\"section\" data-settings=\"{&quot;background_background&quot;:&quot;classic&quot;}\">\n\t\t\t\t\t\t<div class=\"elementor-container elementor-column-gap-default\">\n\t\t\t\t\t<div class=\"elementor-column elementor-col-50 elementor-top-column elementor-element elementor-element-65d2b227\" data-id=\"65d2b227\" data-element_type=\"column\" data-settings=\"{&quot;background_background&quot;:&quot;classic&quot;}\">\n\t\t\t<div class=\"elementor-widget-wrap elementor-element-populated\">\n\t\t\t\t\t\t<div class=\"elementor-element elementor-element-6276b72d elementor-widget elementor-widget-image\" data-id=\"6276b72d\" data-element_type=\"widget\" data-widget_type=\"image.default\">\n\t\t\t\t<div class=\"elementor-widget-container\">\n\t\t\t\t\t\t\t\t\t\t\t\t\t\t\t<img fetchpriority=\"high\" decoding=\"async\" width=\"265\" height=\"265\" src=\"https:\/\/www.nanahotels.gr\/wp-content\/uploads\/2021\/05\/arvanitakis-leuteris-new.png\" class=\"attachment-medium_large size-medium_large wp-image-1032\" alt=\"\" srcset=\"https:\/\/www.nanahotels.gr\/wp-content\/uploads\/2021\/05\/arvanitakis-leuteris-new.png 265w, https:\/\/www.nanahotels.gr\/wp-content\/uploads\/2021\/05\/elementor\/thumbs\/arvanitakis-leuteris-new-q5a8yedssd8n5acjc2lfifoul52iax86z4b3uh5ly4.png 150w\" sizes=\"(max-width: 265px) 100vw, 265px\" \/>\t\t\t\t\t\t\t\t\t\t\t\t\t\t\t<\/div>\n\t\t\t\t<\/div>\n\t\t\t\t\t<\/div>\n\t\t<\/div>\n\t\t\t\t<div class=\"elementor-column elementor-col-50 elementor-top-column elementor-element elementor-element-2313264c\" data-id=\"2313264c\" data-element_type=\"column\" data-settings=\"{&quot;background_background&quot;:&quot;classic&quot;}\">\n\t\t\t<div class=\"elementor-widget-wrap elementor-element-populated\">\n\t\t\t\t\t\t<div class=\"elementor-element elementor-element-c3772b1 elementor-widget elementor-widget-heading\" data-id=\"c3772b1\" data-element_type=\"widget\" data-widget_type=\"heading.default\">\n\t\t\t\t<div class=\"elementor-widget-container\">\n\t\t\t\t\t<h2 class=\"elementor-heading-title elementor-size-default\"><b><span style=\"font-family: var( --e-global-typography-primary-font-family ), Sans-serif;font-size: 28px;text-align: center\">L<\/span><span style=\"font-family: var( --e-global-typography-primary-font-family ), Sans-serif;font-size: 28px;text-align: center\">euteris Arvanitakis<\/span><\/b><\/h2>\t\t\t\t<\/div>\n\t\t\t\t<\/div>\n\t\t\t\t<div class=\"elementor-element elementor-element-1ec2aa5b elementor-widget elementor-widget-heading\" data-id=\"1ec2aa5b\" data-element_type=\"widget\" data-widget_type=\"heading.default\">\n\t\t\t\t<div class=\"elementor-widget-container\">\n\t\t\t\t\t<h2 class=\"elementor-heading-title elementor-size-default\">Quality Assurance Manager<\/h2>\t\t\t\t<\/div>\n\t\t\t\t<\/div>\n\t\t\t\t\t<\/div>\n\t\t<\/div>\n\t\t\t\t\t<\/div>\n\t\t<\/section>\n\t\t\t\t<section class=\"elementor-section elementor-top-section elementor-element elementor-element-2a03376c elementor-section-boxed elementor-section-height-default elementor-section-height-default\" data-id=\"2a03376c\" data-element_type=\"section\" data-settings=\"{&quot;background_background&quot;:&quot;classic&quot;}\">\n\t\t\t\t\t\t<div class=\"elementor-container elementor-column-gap-default\">\n\t\t\t\t\t<div class=\"elementor-column elementor-col-100 elementor-top-column elementor-element elementor-element-4605b982\" data-id=\"4605b982\" data-element_type=\"column\" data-settings=\"{&quot;background_background&quot;:&quot;classic&quot;}\">\n\t\t\t<div class=\"elementor-widget-wrap elementor-element-populated\">\n\t\t\t\t\t\t<div class=\"elementor-element elementor-element-3f930885 elementor-widget elementor-widget-text-editor\" data-id=\"3f930885\" data-element_type=\"widget\" data-widget_type=\"text-editor.default\">\n\t\t\t\t<div class=\"elementor-widget-container\">\n\t\t\t\t\t\t\t\t\t<p>Leuteris Arvanitakis ist seit 2020 Mitglied der Qualit\u00e4tssicherungsabteilung der KARATZIS Group Of Companies, wo er alle Hotel- und Industrieabteilungen beaufsichtigt. Mit seiner langj\u00e4hrigen Erfahrung als F\u00fchrungskraft in der Tourismusbranche und seinen hervorragenden organisatorischen F\u00e4higkeiten ist Leuteris Arvanitakis f\u00fcr die Entwicklung und Dokumentation der Qualit\u00e4tssysteme der Gruppe verantwortlich. Dar\u00fcber hinaus \u00fcberwacht er die Umsetzung der Qualit\u00e4tssysteme, f\u00fchrt interne Kontrollen im gesamten Unternehmen durch und stellt sicher, dass die Verfahren der Gruppe mit den geltenden Rechtsvorschriften \u00fcbereinstimmen.<\/p><p>Leuteris erwarb seinen Abschluss an der Fakult\u00e4t f\u00fcr Organisation und Verwaltung der Universit\u00e4t Patras und erweitert sein Wissen durch Fachseminare und Konferenzen zu den Themen Unternehmensverantwortung und Qualit\u00e4tsmanagementsysteme. Sein Engagement f\u00fcr st\u00e4ndige Weiterbildung und seine Liebe zum Detail machen ihn zu einer wertvollen Bereicherung f\u00fcr die KARATZIS Group Of Companies.<\/p>\t\t\t\t\t\t\t\t<\/div>\n\t\t\t\t<\/div>\n\t\t\t\t\t<\/div>\n\t\t<\/div>\n\t\t\t\t\t<\/div>\n\t\t<\/section>\n\t\t\t\t<section class=\"elementor-section elementor-top-section elementor-element elementor-element-5a6bf0bf elementor-section-boxed elementor-section-height-default elementor-section-height-default\" data-id=\"5a6bf0bf\" data-element_type=\"section\" data-settings=\"{&quot;background_background&quot;:&quot;classic&quot;}\">\n\t\t\t\t\t\t<div class=\"elementor-container elementor-column-gap-default\">\n\t\t\t\t\t<div class=\"elementor-column elementor-col-100 elementor-top-column elementor-element elementor-element-58478503\" data-id=\"58478503\" data-element_type=\"column\" data-settings=\"{&quot;background_background&quot;:&quot;classic&quot;}\">\n\t\t\t<div class=\"elementor-widget-wrap elementor-element-populated\">\n\t\t\t\t\t\t<div class=\"elementor-element elementor-element-a184382 elementor-widget elementor-widget-spacer\" data-id=\"a184382\" data-element_type=\"widget\" data-widget_type=\"spacer.default\">\n\t\t\t\t<div class=\"elementor-widget-container\">\n\t\t\t\t\t\t\t<div class=\"elementor-spacer\">\n\t\t\t<div class=\"elementor-spacer-inner\"><\/div>\n\t\t<\/div>\n\t\t\t\t\t\t<\/div>\n\t\t\t\t<\/div>\n\t\t\t\t\t<\/div>\n\t\t<\/div>\n\t\t\t\t\t<\/div>\n\t\t<\/section>\n\t\t\t\t<\/div>\n\t\t","protected":false},"excerpt":{"rendered":"<p>Leuteris Arvanitakis Quality Assurance Manager Leuteris Arvanitakis ist seit 2020 Mitglied der Qualit\u00e4tssicherungsabteilung der KARATZIS Group Of Companies, wo er alle Hotel- und Industrieabteilungen beaufsichtigt. Mit seiner langj\u00e4hrigen Erfahrung als F\u00fchrungskraft in der Tourismusbranche und seinen hervorragenden organisatorischen F\u00e4higkeiten ist Leuteris Arvanitakis f\u00fcr die Entwicklung und Dokumentation der Qualit\u00e4tssysteme der Gruppe verantwortlich. Dar\u00fcber hinaus \u00fcberwacht [&hellip;]<\/p>\n","protected":false},"author":8,"featured_media":0,"parent":0,"menu_order":0,"comment_status":"closed","ping_status":"closed","template":"","meta":{"footnotes":""},"class_list":["post-1756","page","type-page","status-publish","hentry"],"yoast_head":"<!-- This site is optimized with the Yoast SEO plugin v25.6 - https:\/\/yoast.com\/wordpress\/plugins\/seo\/ -->\n<title>Lefteris Arvanitakis DE NEW - Nana Hotels<\/title>\n<meta name=\"robots\" content=\"index, follow, max-snippet:-1, max-image-preview:large, max-video-preview:-1\" \/>\n<link rel=\"canonical\" href=\"https:\/\/www.nanahotels.gr\/de\/lefteris-arvanitakis-de-new\/\" \/>\n<meta property=\"og:locale\" content=\"de_DE\" \/>\n<meta property=\"og:type\" content=\"article\" \/>\n<meta property=\"og:title\" content=\"Lefteris Arvanitakis DE NEW - Nana Hotels\" \/>\n<meta property=\"og:description\" content=\"Leuteris Arvanitakis Quality Assurance Manager Leuteris Arvanitakis ist seit 2020 Mitglied der Qualit\u00e4tssicherungsabteilung der KARATZIS Group Of Companies, wo er alle Hotel- und Industrieabteilungen beaufsichtigt. Mit seiner langj\u00e4hrigen Erfahrung als F\u00fchrungskraft in der Tourismusbranche und seinen hervorragenden organisatorischen F\u00e4higkeiten ist Leuteris Arvanitakis f\u00fcr die Entwicklung und Dokumentation der Qualit\u00e4tssysteme der Gruppe verantwortlich. Dar\u00fcber hinaus \u00fcberwacht [&hellip;]\" \/>\n<meta property=\"og:url\" content=\"https:\/\/www.nanahotels.gr\/de\/lefteris-arvanitakis-de-new\/\" \/>\n<meta property=\"og:site_name\" content=\"Nana Hotels\" \/>\n<meta property=\"article:modified_time\" content=\"2023-04-29T18:05:01+00:00\" \/>\n<meta property=\"og:image\" content=\"https:\/\/www.nanahotels.gr\/wp-content\/uploads\/2021\/05\/arvanitakis-leuteris-new.png\" \/>\n<meta name=\"twitter:card\" content=\"summary_large_image\" \/>\n<meta name=\"twitter:label1\" content=\"Gesch\u00e4tzte Lesezeit\" \/>\n\t<meta name=\"twitter:data1\" content=\"1\u00a0Minute\" \/>\n<script type=\"application\/ld+json\" class=\"yoast-schema-graph\">{\"@context\":\"https:\/\/schema.org\",\"@graph\":[{\"@type\":\"WebPage\",\"@id\":\"https:\/\/www.nanahotels.gr\/de\/lefteris-arvanitakis-de-new\/\",\"url\":\"https:\/\/www.nanahotels.gr\/de\/lefteris-arvanitakis-de-new\/\",\"name\":\"Lefteris Arvanitakis DE NEW - Nana Hotels\",\"isPartOf\":{\"@id\":\"https:\/\/www.nanahotels.gr\/#website\"},\"primaryImageOfPage\":{\"@id\":\"https:\/\/www.nanahotels.gr\/de\/lefteris-arvanitakis-de-new\/#primaryimage\"},\"image\":{\"@id\":\"https:\/\/www.nanahotels.gr\/de\/lefteris-arvanitakis-de-new\/#primaryimage\"},\"thumbnailUrl\":\"https:\/\/www.nanahotels.gr\/wp-content\/uploads\/2021\/05\/arvanitakis-leuteris-new.png\",\"datePublished\":\"2023-04-29T18:04:26+00:00\",\"dateModified\":\"2023-04-29T18:05:01+00:00\",\"breadcrumb\":{\"@id\":\"https:\/\/www.nanahotels.gr\/de\/lefteris-arvanitakis-de-new\/#breadcrumb\"},\"inLanguage\":\"de\",\"potentialAction\":[{\"@type\":\"ReadAction\",\"target\":[\"https:\/\/www.nanahotels.gr\/de\/lefteris-arvanitakis-de-new\/\"]}]},{\"@type\":\"ImageObject\",\"inLanguage\":\"de\",\"@id\":\"https:\/\/www.nanahotels.gr\/de\/lefteris-arvanitakis-de-new\/#primaryimage\",\"url\":\"https:\/\/www.nanahotels.gr\/wp-content\/uploads\/2021\/05\/arvanitakis-leuteris-new.png\",\"contentUrl\":\"https:\/\/www.nanahotels.gr\/wp-content\/uploads\/2021\/05\/arvanitakis-leuteris-new.png\"},{\"@type\":\"BreadcrumbList\",\"@id\":\"https:\/\/www.nanahotels.gr\/de\/lefteris-arvanitakis-de-new\/#breadcrumb\",\"itemListElement\":[{\"@type\":\"ListItem\",\"position\":1,\"name\":\"Home\",\"item\":\"https:\/\/www.nanahotels.gr\/de\/\"},{\"@type\":\"ListItem\",\"position\":2,\"name\":\"Lefteris Arvanitakis DE NEW\"}]},{\"@type\":\"WebSite\",\"@id\":\"https:\/\/www.nanahotels.gr\/#website\",\"url\":\"https:\/\/www.nanahotels.gr\/\",\"name\":\"Nana Hotels\",\"description\":\"\",\"publisher\":{\"@id\":\"https:\/\/www.nanahotels.gr\/#organization\"},\"potentialAction\":[{\"@type\":\"SearchAction\",\"target\":{\"@type\":\"EntryPoint\",\"urlTemplate\":\"https:\/\/www.nanahotels.gr\/?s={search_term_string}\"},\"query-input\":{\"@type\":\"PropertyValueSpecification\",\"valueRequired\":true,\"valueName\":\"search_term_string\"}}],\"inLanguage\":\"de\"},{\"@type\":\"Organization\",\"@id\":\"https:\/\/www.nanahotels.gr\/#organization\",\"name\":\"Nana Hotels\",\"url\":\"https:\/\/www.nanahotels.gr\/\",\"logo\":{\"@type\":\"ImageObject\",\"inLanguage\":\"de\",\"@id\":\"https:\/\/www.nanahotels.gr\/#\/schema\/logo\/image\/\",\"url\":\"https:\/\/www.nanahotels.gr\/wp-content\/uploads\/2025\/12\/NH-PNG-TRANSPARENT-e1764680767802.png\",\"contentUrl\":\"https:\/\/www.nanahotels.gr\/wp-content\/uploads\/2025\/12\/NH-PNG-TRANSPARENT-e1764680767802.png\",\"width\":150,\"height\":150,\"caption\":\"Nana Hotels\"},\"image\":{\"@id\":\"https:\/\/www.nanahotels.gr\/#\/schema\/logo\/image\/\"}}]}<\/script>\n<!-- \/ Yoast SEO plugin. -->","yoast_head_json":{"title":"Lefteris Arvanitakis DE NEW - Nana Hotels","robots":{"index":"index","follow":"follow","max-snippet":"max-snippet:-1","max-image-preview":"max-image-preview:large","max-video-preview":"max-video-preview:-1"},"canonical":"https:\/\/www.nanahotels.gr\/de\/lefteris-arvanitakis-de-new\/","og_locale":"de_DE","og_type":"article","og_title":"Lefteris Arvanitakis DE NEW - Nana Hotels","og_description":"Leuteris Arvanitakis Quality Assurance Manager Leuteris Arvanitakis ist seit 2020 Mitglied der Qualit\u00e4tssicherungsabteilung der KARATZIS Group Of Companies, wo er alle Hotel- und Industrieabteilungen beaufsichtigt. Mit seiner langj\u00e4hrigen Erfahrung als F\u00fchrungskraft in der Tourismusbranche und seinen hervorragenden organisatorischen F\u00e4higkeiten ist Leuteris Arvanitakis f\u00fcr die Entwicklung und Dokumentation der Qualit\u00e4tssysteme der Gruppe verantwortlich. Dar\u00fcber hinaus \u00fcberwacht [&hellip;]","og_url":"https:\/\/www.nanahotels.gr\/de\/lefteris-arvanitakis-de-new\/","og_site_name":"Nana Hotels","article_modified_time":"2023-04-29T18:05:01+00:00","og_image":[{"url":"https:\/\/www.nanahotels.gr\/wp-content\/uploads\/2021\/05\/arvanitakis-leuteris-new.png","type":"","width":"","height":""}],"twitter_card":"summary_large_image","twitter_misc":{"Gesch\u00e4tzte Lesezeit":"1\u00a0Minute"},"schema":{"@context":"https:\/\/schema.org","@graph":[{"@type":"WebPage","@id":"https:\/\/www.nanahotels.gr\/de\/lefteris-arvanitakis-de-new\/","url":"https:\/\/www.nanahotels.gr\/de\/lefteris-arvanitakis-de-new\/","name":"Lefteris Arvanitakis DE NEW - Nana Hotels","isPartOf":{"@id":"https:\/\/www.nanahotels.gr\/#website"},"primaryImageOfPage":{"@id":"https:\/\/www.nanahotels.gr\/de\/lefteris-arvanitakis-de-new\/#primaryimage"},"image":{"@id":"https:\/\/www.nanahotels.gr\/de\/lefteris-arvanitakis-de-new\/#primaryimage"},"thumbnailUrl":"https:\/\/www.nanahotels.gr\/wp-content\/uploads\/2021\/05\/arvanitakis-leuteris-new.png","datePublished":"2023-04-29T18:04:26+00:00","dateModified":"2023-04-29T18:05:01+00:00","breadcrumb":{"@id":"https:\/\/www.nanahotels.gr\/de\/lefteris-arvanitakis-de-new\/#breadcrumb"},"inLanguage":"de","potentialAction":[{"@type":"ReadAction","target":["https:\/\/www.nanahotels.gr\/de\/lefteris-arvanitakis-de-new\/"]}]},{"@type":"ImageObject","inLanguage":"de","@id":"https:\/\/www.nanahotels.gr\/de\/lefteris-arvanitakis-de-new\/#primaryimage","url":"https:\/\/www.nanahotels.gr\/wp-content\/uploads\/2021\/05\/arvanitakis-leuteris-new.png","contentUrl":"https:\/\/www.nanahotels.gr\/wp-content\/uploads\/2021\/05\/arvanitakis-leuteris-new.png"},{"@type":"BreadcrumbList","@id":"https:\/\/www.nanahotels.gr\/de\/lefteris-arvanitakis-de-new\/#breadcrumb","itemListElement":[{"@type":"ListItem","position":1,"name":"Home","item":"https:\/\/www.nanahotels.gr\/de\/"},{"@type":"ListItem","position":2,"name":"Lefteris Arvanitakis DE NEW"}]},{"@type":"WebSite","@id":"https:\/\/www.nanahotels.gr\/#website","url":"https:\/\/www.nanahotels.gr\/","name":"Nana Hotels","description":"","publisher":{"@id":"https:\/\/www.nanahotels.gr\/#organization"},"potentialAction":[{"@type":"SearchAction","target":{"@type":"EntryPoint","urlTemplate":"https:\/\/www.nanahotels.gr\/?s={search_term_string}"},"query-input":{"@type":"PropertyValueSpecification","valueRequired":true,"valueName":"search_term_string"}}],"inLanguage":"de"},{"@type":"Organization","@id":"https:\/\/www.nanahotels.gr\/#organization","name":"Nana Hotels","url":"https:\/\/www.nanahotels.gr\/","logo":{"@type":"ImageObject","inLanguage":"de","@id":"https:\/\/www.nanahotels.gr\/#\/schema\/logo\/image\/","url":"https:\/\/www.nanahotels.gr\/wp-content\/uploads\/2025\/12\/NH-PNG-TRANSPARENT-e1764680767802.png","contentUrl":"https:\/\/www.nanahotels.gr\/wp-content\/uploads\/2025\/12\/NH-PNG-TRANSPARENT-e1764680767802.png","width":150,"height":150,"caption":"Nana Hotels"},"image":{"@id":"https:\/\/www.nanahotels.gr\/#\/schema\/logo\/image\/"}}]}},"_links":{"self":[{"href":"https:\/\/www.nanahotels.gr\/de\/wp-json\/wp\/v2\/pages\/1756","targetHints":{"allow":["GET"]}}],"collection":[{"href":"https:\/\/www.nanahotels.gr\/de\/wp-json\/wp\/v2\/pages"}],"about":[{"href":"https:\/\/www.nanahotels.gr\/de\/wp-json\/wp\/v2\/types\/page"}],"author":[{"embeddable":true,"href":"https:\/\/www.nanahotels.gr\/de\/wp-json\/wp\/v2\/users\/8"}],"replies":[{"embeddable":true,"href":"https:\/\/www.nanahotels.gr\/de\/wp-json\/wp\/v2\/comments?post=1756"}],"version-history":[{"count":4,"href":"https:\/\/www.nanahotels.gr\/de\/wp-json\/wp\/v2\/pages\/1756\/revisions"}],"predecessor-version":[{"id":1760,"href":"https:\/\/www.nanahotels.gr\/de\/wp-json\/wp\/v2\/pages\/1756\/revisions\/1760"}],"wp:attachment":[{"href":"https:\/\/www.nanahotels.gr\/de\/wp-json\/wp\/v2\/media?parent=1756"}],"curies":[{"name":"wp","href":"https:\/\/api.w.org\/{rel}","templated":true}]}}