{"id":1744,"date":"2023-04-29T17:59:27","date_gmt":"2023-04-29T17:59:27","guid":{"rendered":"https:\/\/www.nanahotels.gr\/?page_id=1744"},"modified":"2023-04-29T18:00:14","modified_gmt":"2023-04-29T18:00:14","slug":"stelios-papadakis-de-new","status":"publish","type":"page","link":"https:\/\/www.nanahotels.gr\/de\/stelios-papadakis-de-new\/","title":{"rendered":"Stelios Papadakis DE NEW"},"content":{"rendered":"\t\t<div data-elementor-type=\"wp-page\" data-elementor-id=\"1744\" class=\"elementor elementor-1744\" data-elementor-post-type=\"page\">\n\t\t\t\t\t\t<section class=\"elementor-section elementor-top-section elementor-element elementor-element-2cc257b2 elementor-section-boxed elementor-section-height-default elementor-section-height-default\" data-id=\"2cc257b2\" data-element_type=\"section\" data-settings=\"{&quot;background_background&quot;:&quot;classic&quot;}\">\n\t\t\t\t\t\t<div class=\"elementor-container elementor-column-gap-default\">\n\t\t\t\t\t<div class=\"elementor-column elementor-col-50 elementor-top-column elementor-element elementor-element-22900ca2\" data-id=\"22900ca2\" data-element_type=\"column\" data-settings=\"{&quot;background_background&quot;:&quot;classic&quot;}\">\n\t\t\t<div class=\"elementor-widget-wrap elementor-element-populated\">\n\t\t\t\t\t\t<div class=\"elementor-element elementor-element-3ea82716 elementor-widget elementor-widget-image\" data-id=\"3ea82716\" data-element_type=\"widget\" data-widget_type=\"image.default\">\n\t\t\t\t<div class=\"elementor-widget-container\">\n\t\t\t\t\t\t\t\t\t\t\t\t\t\t\t<img fetchpriority=\"high\" decoding=\"async\" width=\"265\" height=\"265\" src=\"https:\/\/www.nanahotels.gr\/wp-content\/uploads\/2020\/08\/Papadakis-new.jpg\" class=\"attachment-medium_large size-medium_large wp-image-1376\" alt=\"\" srcset=\"https:\/\/www.nanahotels.gr\/wp-content\/uploads\/2020\/08\/Papadakis-new.jpg 265w, https:\/\/www.nanahotels.gr\/wp-content\/uploads\/2020\/08\/elementor\/thumbs\/Papadakis-new-q5a8yfbmz79xgwb66l022xgb6ixvimbxb8ylbr47rw.jpg 150w, https:\/\/www.nanahotels.gr\/wp-content\/uploads\/2020\/08\/Papadakis-new-20x20.jpg 20w\" sizes=\"(max-width: 265px) 100vw, 265px\" \/>\t\t\t\t\t\t\t\t\t\t\t\t\t\t\t<\/div>\n\t\t\t\t<\/div>\n\t\t\t\t\t<\/div>\n\t\t<\/div>\n\t\t\t\t<div class=\"elementor-column elementor-col-50 elementor-top-column elementor-element elementor-element-6afbf38f\" data-id=\"6afbf38f\" data-element_type=\"column\" data-settings=\"{&quot;background_background&quot;:&quot;classic&quot;}\">\n\t\t\t<div class=\"elementor-widget-wrap elementor-element-populated\">\n\t\t\t\t\t\t<div class=\"elementor-element elementor-element-69ba041b elementor-widget elementor-widget-heading\" data-id=\"69ba041b\" data-element_type=\"widget\" data-widget_type=\"heading.default\">\n\t\t\t\t<div class=\"elementor-widget-container\">\n\t\t\t\t\t<h2 class=\"elementor-heading-title elementor-size-default\">Stelios Papadakis<\/h2>\t\t\t\t<\/div>\n\t\t\t\t<\/div>\n\t\t\t\t<div class=\"elementor-element elementor-element-b926eb9 elementor-widget elementor-widget-heading\" data-id=\"b926eb9\" data-element_type=\"widget\" data-widget_type=\"heading.default\">\n\t\t\t\t<div class=\"elementor-widget-container\">\n\t\t\t\t\t<h2 class=\"elementor-heading-title elementor-size-default\">Operations Manager<\/h2>\t\t\t\t<\/div>\n\t\t\t\t<\/div>\n\t\t\t\t\t<\/div>\n\t\t<\/div>\n\t\t\t\t\t<\/div>\n\t\t<\/section>\n\t\t\t\t<section class=\"elementor-section elementor-top-section elementor-element elementor-element-52a36bc4 elementor-section-boxed elementor-section-height-default elementor-section-height-default\" data-id=\"52a36bc4\" data-element_type=\"section\" data-settings=\"{&quot;background_background&quot;:&quot;classic&quot;}\">\n\t\t\t\t\t\t<div class=\"elementor-container elementor-column-gap-default\">\n\t\t\t\t\t<div class=\"elementor-column elementor-col-100 elementor-top-column elementor-element elementor-element-1d1a6581\" data-id=\"1d1a6581\" data-element_type=\"column\" data-settings=\"{&quot;background_background&quot;:&quot;classic&quot;}\">\n\t\t\t<div class=\"elementor-widget-wrap elementor-element-populated\">\n\t\t\t\t\t\t<div class=\"elementor-element elementor-element-d63c8b2 elementor-widget elementor-widget-text-editor\" data-id=\"d63c8b2\" data-element_type=\"widget\" data-widget_type=\"text-editor.default\">\n\t\t\t\t<div class=\"elementor-widget-container\">\n\t\t\t\t\t\t\t\t\t<p>Seit mehr als 35 Jahren ist Stelios Papadakis ein wichtiges Mitglied der Karatzis Group of Companies. Er trat kurz nach der Er\u00f6ffnung des Nana Beach ein, das seitdem Besucher aus aller Welt willkommen hei\u00dft. Im Laufe der Jahre hat Stelios Papadakis in verschiedenen Funktionen im Zusammenhang mit der Gastronomie des Hotels gearbeitet und bekleidet nun die Position des Operations Manager. Seine umfassende Erfahrung und sein Fachwissen im Gastgewerbe haben wesentlich zur Entwicklung des Hotels beigetragen.<\/p><p>Stelios hat an der Schule f\u00fcr Tourismusberufe in Alexandroupolis studiert und sein Wissen durch die Teilnahme an Seminaren und Workshops im Bereich Tourismus und Betriebswirtschaft st\u00e4ndig erweitert. Seine Hingabe an sein Handwerk und seine st\u00e4ndige Weiterbildung machen ihn zu einem unsch\u00e4tzbaren Mitglied des Nana Golden Beach Teams.<\/p>\t\t\t\t\t\t\t\t<\/div>\n\t\t\t\t<\/div>\n\t\t\t\t\t<\/div>\n\t\t<\/div>\n\t\t\t\t\t<\/div>\n\t\t<\/section>\n\t\t\t\t<section class=\"elementor-section elementor-top-section elementor-element elementor-element-7951e1e elementor-section-boxed elementor-section-height-default elementor-section-height-default\" data-id=\"7951e1e\" data-element_type=\"section\" data-settings=\"{&quot;background_background&quot;:&quot;classic&quot;}\">\n\t\t\t\t\t\t<div class=\"elementor-container elementor-column-gap-default\">\n\t\t\t\t\t<div class=\"elementor-column elementor-col-100 elementor-top-column elementor-element elementor-element-4d036891\" data-id=\"4d036891\" data-element_type=\"column\" data-settings=\"{&quot;background_background&quot;:&quot;classic&quot;}\">\n\t\t\t<div class=\"elementor-widget-wrap elementor-element-populated\">\n\t\t\t\t\t\t<div class=\"elementor-element elementor-element-79ee1109 elementor-widget elementor-widget-spacer\" data-id=\"79ee1109\" data-element_type=\"widget\" data-widget_type=\"spacer.default\">\n\t\t\t\t<div class=\"elementor-widget-container\">\n\t\t\t\t\t\t\t<div class=\"elementor-spacer\">\n\t\t\t<div class=\"elementor-spacer-inner\"><\/div>\n\t\t<\/div>\n\t\t\t\t\t\t<\/div>\n\t\t\t\t<\/div>\n\t\t\t\t\t<\/div>\n\t\t<\/div>\n\t\t\t\t\t<\/div>\n\t\t<\/section>\n\t\t\t\t<\/div>\n\t\t","protected":false},"excerpt":{"rendered":"<p>Stelios Papadakis Operations Manager Seit mehr als 35 Jahren ist Stelios Papadakis ein wichtiges Mitglied der Karatzis Group of Companies. Er trat kurz nach der Er\u00f6ffnung des Nana Beach ein, das seitdem Besucher aus aller Welt willkommen hei\u00dft. Im Laufe der Jahre hat Stelios Papadakis in verschiedenen Funktionen im Zusammenhang mit der Gastronomie des Hotels [&hellip;]<\/p>\n","protected":false},"author":8,"featured_media":0,"parent":0,"menu_order":0,"comment_status":"closed","ping_status":"closed","template":"","meta":{"footnotes":""},"class_list":["post-1744","page","type-page","status-publish","hentry"],"yoast_head":"<!-- This site is optimized with the Yoast SEO plugin v25.6 - https:\/\/yoast.com\/wordpress\/plugins\/seo\/ -->\n<title>Stelios Papadakis DE NEW - Nana Hotels<\/title>\n<meta name=\"robots\" content=\"index, follow, max-snippet:-1, max-image-preview:large, max-video-preview:-1\" \/>\n<link rel=\"canonical\" href=\"https:\/\/www.nanahotels.gr\/de\/stelios-papadakis-de-new\/\" \/>\n<meta property=\"og:locale\" content=\"de_DE\" \/>\n<meta property=\"og:type\" content=\"article\" \/>\n<meta property=\"og:title\" content=\"Stelios Papadakis DE NEW - Nana Hotels\" \/>\n<meta property=\"og:description\" content=\"Stelios Papadakis Operations Manager Seit mehr als 35 Jahren ist Stelios Papadakis ein wichtiges Mitglied der Karatzis Group of Companies. Er trat kurz nach der Er\u00f6ffnung des Nana Beach ein, das seitdem Besucher aus aller Welt willkommen hei\u00dft. Im Laufe der Jahre hat Stelios Papadakis in verschiedenen Funktionen im Zusammenhang mit der Gastronomie des Hotels [&hellip;]\" \/>\n<meta property=\"og:url\" content=\"https:\/\/www.nanahotels.gr\/de\/stelios-papadakis-de-new\/\" \/>\n<meta property=\"og:site_name\" content=\"Nana Hotels\" \/>\n<meta property=\"article:modified_time\" content=\"2023-04-29T18:00:14+00:00\" \/>\n<meta property=\"og:image\" content=\"https:\/\/www.nanahotels.gr\/wp-content\/uploads\/2020\/08\/Papadakis-new.jpg\" \/>\n<meta name=\"twitter:card\" content=\"summary_large_image\" \/>\n<meta name=\"twitter:label1\" content=\"Gesch\u00e4tzte Lesezeit\" \/>\n\t<meta name=\"twitter:data1\" content=\"1\u00a0Minute\" \/>\n<script type=\"application\/ld+json\" class=\"yoast-schema-graph\">{\"@context\":\"https:\/\/schema.org\",\"@graph\":[{\"@type\":\"WebPage\",\"@id\":\"https:\/\/www.nanahotels.gr\/de\/stelios-papadakis-de-new\/\",\"url\":\"https:\/\/www.nanahotels.gr\/de\/stelios-papadakis-de-new\/\",\"name\":\"Stelios Papadakis DE NEW - Nana Hotels\",\"isPartOf\":{\"@id\":\"https:\/\/www.nanahotels.gr\/#website\"},\"primaryImageOfPage\":{\"@id\":\"https:\/\/www.nanahotels.gr\/de\/stelios-papadakis-de-new\/#primaryimage\"},\"image\":{\"@id\":\"https:\/\/www.nanahotels.gr\/de\/stelios-papadakis-de-new\/#primaryimage\"},\"thumbnailUrl\":\"https:\/\/www.nanahotels.gr\/wp-content\/uploads\/2020\/08\/Papadakis-new.jpg\",\"datePublished\":\"2023-04-29T17:59:27+00:00\",\"dateModified\":\"2023-04-29T18:00:14+00:00\",\"breadcrumb\":{\"@id\":\"https:\/\/www.nanahotels.gr\/de\/stelios-papadakis-de-new\/#breadcrumb\"},\"inLanguage\":\"de\",\"potentialAction\":[{\"@type\":\"ReadAction\",\"target\":[\"https:\/\/www.nanahotels.gr\/de\/stelios-papadakis-de-new\/\"]}]},{\"@type\":\"ImageObject\",\"inLanguage\":\"de\",\"@id\":\"https:\/\/www.nanahotels.gr\/de\/stelios-papadakis-de-new\/#primaryimage\",\"url\":\"https:\/\/www.nanahotels.gr\/wp-content\/uploads\/2020\/08\/Papadakis-new.jpg\",\"contentUrl\":\"https:\/\/www.nanahotels.gr\/wp-content\/uploads\/2020\/08\/Papadakis-new.jpg\"},{\"@type\":\"BreadcrumbList\",\"@id\":\"https:\/\/www.nanahotels.gr\/de\/stelios-papadakis-de-new\/#breadcrumb\",\"itemListElement\":[{\"@type\":\"ListItem\",\"position\":1,\"name\":\"Home\",\"item\":\"https:\/\/www.nanahotels.gr\/de\/\"},{\"@type\":\"ListItem\",\"position\":2,\"name\":\"Stelios Papadakis DE NEW\"}]},{\"@type\":\"WebSite\",\"@id\":\"https:\/\/www.nanahotels.gr\/#website\",\"url\":\"https:\/\/www.nanahotels.gr\/\",\"name\":\"Nana Hotels\",\"description\":\"\",\"publisher\":{\"@id\":\"https:\/\/www.nanahotels.gr\/#organization\"},\"potentialAction\":[{\"@type\":\"SearchAction\",\"target\":{\"@type\":\"EntryPoint\",\"urlTemplate\":\"https:\/\/www.nanahotels.gr\/?s={search_term_string}\"},\"query-input\":{\"@type\":\"PropertyValueSpecification\",\"valueRequired\":true,\"valueName\":\"search_term_string\"}}],\"inLanguage\":\"de\"},{\"@type\":\"Organization\",\"@id\":\"https:\/\/www.nanahotels.gr\/#organization\",\"name\":\"Nana Hotels\",\"url\":\"https:\/\/www.nanahotels.gr\/\",\"logo\":{\"@type\":\"ImageObject\",\"inLanguage\":\"de\",\"@id\":\"https:\/\/www.nanahotels.gr\/#\/schema\/logo\/image\/\",\"url\":\"https:\/\/www.nanahotels.gr\/wp-content\/uploads\/2025\/12\/NH-PNG-TRANSPARENT-e1764680767802.png\",\"contentUrl\":\"https:\/\/www.nanahotels.gr\/wp-content\/uploads\/2025\/12\/NH-PNG-TRANSPARENT-e1764680767802.png\",\"width\":150,\"height\":150,\"caption\":\"Nana Hotels\"},\"image\":{\"@id\":\"https:\/\/www.nanahotels.gr\/#\/schema\/logo\/image\/\"}}]}<\/script>\n<!-- \/ Yoast SEO plugin. -->","yoast_head_json":{"title":"Stelios Papadakis DE NEW - Nana Hotels","robots":{"index":"index","follow":"follow","max-snippet":"max-snippet:-1","max-image-preview":"max-image-preview:large","max-video-preview":"max-video-preview:-1"},"canonical":"https:\/\/www.nanahotels.gr\/de\/stelios-papadakis-de-new\/","og_locale":"de_DE","og_type":"article","og_title":"Stelios Papadakis DE NEW - Nana Hotels","og_description":"Stelios Papadakis Operations Manager Seit mehr als 35 Jahren ist Stelios Papadakis ein wichtiges Mitglied der Karatzis Group of Companies. Er trat kurz nach der Er\u00f6ffnung des Nana Beach ein, das seitdem Besucher aus aller Welt willkommen hei\u00dft. Im Laufe der Jahre hat Stelios Papadakis in verschiedenen Funktionen im Zusammenhang mit der Gastronomie des Hotels [&hellip;]","og_url":"https:\/\/www.nanahotels.gr\/de\/stelios-papadakis-de-new\/","og_site_name":"Nana Hotels","article_modified_time":"2023-04-29T18:00:14+00:00","og_image":[{"url":"https:\/\/www.nanahotels.gr\/wp-content\/uploads\/2020\/08\/Papadakis-new.jpg","type":"","width":"","height":""}],"twitter_card":"summary_large_image","twitter_misc":{"Gesch\u00e4tzte Lesezeit":"1\u00a0Minute"},"schema":{"@context":"https:\/\/schema.org","@graph":[{"@type":"WebPage","@id":"https:\/\/www.nanahotels.gr\/de\/stelios-papadakis-de-new\/","url":"https:\/\/www.nanahotels.gr\/de\/stelios-papadakis-de-new\/","name":"Stelios Papadakis DE NEW - Nana Hotels","isPartOf":{"@id":"https:\/\/www.nanahotels.gr\/#website"},"primaryImageOfPage":{"@id":"https:\/\/www.nanahotels.gr\/de\/stelios-papadakis-de-new\/#primaryimage"},"image":{"@id":"https:\/\/www.nanahotels.gr\/de\/stelios-papadakis-de-new\/#primaryimage"},"thumbnailUrl":"https:\/\/www.nanahotels.gr\/wp-content\/uploads\/2020\/08\/Papadakis-new.jpg","datePublished":"2023-04-29T17:59:27+00:00","dateModified":"2023-04-29T18:00:14+00:00","breadcrumb":{"@id":"https:\/\/www.nanahotels.gr\/de\/stelios-papadakis-de-new\/#breadcrumb"},"inLanguage":"de","potentialAction":[{"@type":"ReadAction","target":["https:\/\/www.nanahotels.gr\/de\/stelios-papadakis-de-new\/"]}]},{"@type":"ImageObject","inLanguage":"de","@id":"https:\/\/www.nanahotels.gr\/de\/stelios-papadakis-de-new\/#primaryimage","url":"https:\/\/www.nanahotels.gr\/wp-content\/uploads\/2020\/08\/Papadakis-new.jpg","contentUrl":"https:\/\/www.nanahotels.gr\/wp-content\/uploads\/2020\/08\/Papadakis-new.jpg"},{"@type":"BreadcrumbList","@id":"https:\/\/www.nanahotels.gr\/de\/stelios-papadakis-de-new\/#breadcrumb","itemListElement":[{"@type":"ListItem","position":1,"name":"Home","item":"https:\/\/www.nanahotels.gr\/de\/"},{"@type":"ListItem","position":2,"name":"Stelios Papadakis DE NEW"}]},{"@type":"WebSite","@id":"https:\/\/www.nanahotels.gr\/#website","url":"https:\/\/www.nanahotels.gr\/","name":"Nana Hotels","description":"","publisher":{"@id":"https:\/\/www.nanahotels.gr\/#organization"},"potentialAction":[{"@type":"SearchAction","target":{"@type":"EntryPoint","urlTemplate":"https:\/\/www.nanahotels.gr\/?s={search_term_string}"},"query-input":{"@type":"PropertyValueSpecification","valueRequired":true,"valueName":"search_term_string"}}],"inLanguage":"de"},{"@type":"Organization","@id":"https:\/\/www.nanahotels.gr\/#organization","name":"Nana Hotels","url":"https:\/\/www.nanahotels.gr\/","logo":{"@type":"ImageObject","inLanguage":"de","@id":"https:\/\/www.nanahotels.gr\/#\/schema\/logo\/image\/","url":"https:\/\/www.nanahotels.gr\/wp-content\/uploads\/2025\/12\/NH-PNG-TRANSPARENT-e1764680767802.png","contentUrl":"https:\/\/www.nanahotels.gr\/wp-content\/uploads\/2025\/12\/NH-PNG-TRANSPARENT-e1764680767802.png","width":150,"height":150,"caption":"Nana Hotels"},"image":{"@id":"https:\/\/www.nanahotels.gr\/#\/schema\/logo\/image\/"}}]}},"_links":{"self":[{"href":"https:\/\/www.nanahotels.gr\/de\/wp-json\/wp\/v2\/pages\/1744","targetHints":{"allow":["GET"]}}],"collection":[{"href":"https:\/\/www.nanahotels.gr\/de\/wp-json\/wp\/v2\/pages"}],"about":[{"href":"https:\/\/www.nanahotels.gr\/de\/wp-json\/wp\/v2\/types\/page"}],"author":[{"embeddable":true,"href":"https:\/\/www.nanahotels.gr\/de\/wp-json\/wp\/v2\/users\/8"}],"replies":[{"embeddable":true,"href":"https:\/\/www.nanahotels.gr\/de\/wp-json\/wp\/v2\/comments?post=1744"}],"version-history":[{"count":4,"href":"https:\/\/www.nanahotels.gr\/de\/wp-json\/wp\/v2\/pages\/1744\/revisions"}],"predecessor-version":[{"id":1748,"href":"https:\/\/www.nanahotels.gr\/de\/wp-json\/wp\/v2\/pages\/1744\/revisions\/1748"}],"wp:attachment":[{"href":"https:\/\/www.nanahotels.gr\/de\/wp-json\/wp\/v2\/media?parent=1744"}],"curies":[{"name":"wp","href":"https:\/\/api.w.org\/{rel}","templated":true}]}}