{"id":1691,"date":"2023-04-29T17:30:56","date_gmt":"2023-04-29T17:30:56","guid":{"rendered":"https:\/\/www.nanahotels.gr\/?page_id=1691"},"modified":"2023-04-29T17:35:18","modified_gmt":"2023-04-29T17:35:18","slug":"eva-aretaki-de-new","status":"publish","type":"page","link":"https:\/\/www.nanahotels.gr\/de\/eva-aretaki-de-new\/","title":{"rendered":"Eva Aretaki DE new"},"content":{"rendered":"\t\t<div data-elementor-type=\"wp-page\" data-elementor-id=\"1691\" class=\"elementor elementor-1691\" data-elementor-post-type=\"page\">\n\t\t\t\t\t\t<section class=\"elementor-section elementor-top-section elementor-element elementor-element-62feb829 elementor-section-boxed elementor-section-height-default elementor-section-height-default\" data-id=\"62feb829\" data-element_type=\"section\" data-settings=\"{&quot;background_background&quot;:&quot;classic&quot;}\">\n\t\t\t\t\t\t<div class=\"elementor-container elementor-column-gap-default\">\n\t\t\t\t\t<div class=\"elementor-column elementor-col-50 elementor-top-column elementor-element elementor-element-6a9e706d\" data-id=\"6a9e706d\" data-element_type=\"column\" data-settings=\"{&quot;background_background&quot;:&quot;classic&quot;}\">\n\t\t\t<div class=\"elementor-widget-wrap elementor-element-populated\">\n\t\t\t\t\t\t<div class=\"elementor-element elementor-element-1ab6a296 elementor-widget elementor-widget-image\" data-id=\"1ab6a296\" data-element_type=\"widget\" data-widget_type=\"image.default\">\n\t\t\t\t<div class=\"elementor-widget-container\">\n\t\t\t\t\t\t\t\t\t\t\t\t\t\t\t<img fetchpriority=\"high\" decoding=\"async\" width=\"265\" height=\"265\" src=\"https:\/\/www.nanahotels.gr\/wp-content\/uploads\/2020\/08\/eva-aretaki-nana-karatzis.jpg\" class=\"attachment-medium_large size-medium_large wp-image-1374\" alt=\"\" srcset=\"https:\/\/www.nanahotels.gr\/wp-content\/uploads\/2020\/08\/eva-aretaki-nana-karatzis.jpg 265w, https:\/\/www.nanahotels.gr\/wp-content\/uploads\/2020\/08\/elementor\/thumbs\/eva-aretaki-nana-karatzis-q5a8yfbmz79xgwb66l022xgb6ixvimbxb8ylbr47rw.jpg 150w\" sizes=\"(max-width: 265px) 100vw, 265px\" \/>\t\t\t\t\t\t\t\t\t\t\t\t\t\t\t<\/div>\n\t\t\t\t<\/div>\n\t\t\t\t\t<\/div>\n\t\t<\/div>\n\t\t\t\t<div class=\"elementor-column elementor-col-50 elementor-top-column elementor-element elementor-element-1a890c56\" data-id=\"1a890c56\" data-element_type=\"column\" data-settings=\"{&quot;background_background&quot;:&quot;classic&quot;}\">\n\t\t\t<div class=\"elementor-widget-wrap elementor-element-populated\">\n\t\t\t\t\t\t<div class=\"elementor-element elementor-element-290ae221 elementor-widget elementor-widget-heading\" data-id=\"290ae221\" data-element_type=\"widget\" data-widget_type=\"heading.default\">\n\t\t\t\t<div class=\"elementor-widget-container\">\n\t\t\t\t\t<h2 class=\"elementor-heading-title elementor-size-default\">Eva Aretaki<\/h2>\t\t\t\t<\/div>\n\t\t\t\t<\/div>\n\t\t\t\t<div class=\"elementor-element elementor-element-21b70b71 elementor-widget elementor-widget-heading\" data-id=\"21b70b71\" data-element_type=\"widget\" data-widget_type=\"heading.default\">\n\t\t\t\t<div class=\"elementor-widget-container\">\n\t\t\t\t\t<h2 class=\"elementor-heading-title elementor-size-default\">Front Office &amp; Reservation Manager<\/h2>\t\t\t\t<\/div>\n\t\t\t\t<\/div>\n\t\t\t\t\t<\/div>\n\t\t<\/div>\n\t\t\t\t\t<\/div>\n\t\t<\/section>\n\t\t\t\t<section class=\"elementor-section elementor-top-section elementor-element elementor-element-406d593e elementor-section-boxed elementor-section-height-default elementor-section-height-default\" data-id=\"406d593e\" data-element_type=\"section\" data-settings=\"{&quot;background_background&quot;:&quot;classic&quot;}\">\n\t\t\t\t\t\t<div class=\"elementor-container elementor-column-gap-default\">\n\t\t\t\t\t<div class=\"elementor-column elementor-col-100 elementor-top-column elementor-element elementor-element-b4dfa19\" data-id=\"b4dfa19\" data-element_type=\"column\" data-settings=\"{&quot;background_background&quot;:&quot;classic&quot;}\">\n\t\t\t<div class=\"elementor-widget-wrap elementor-element-populated\">\n\t\t\t\t\t\t<div class=\"elementor-element elementor-element-6f58015e elementor-widget elementor-widget-text-editor\" data-id=\"6f58015e\" data-element_type=\"widget\" data-widget_type=\"text-editor.default\">\n\t\t\t\t<div class=\"elementor-widget-container\">\n\t\t\t\t\t\t\t\t\t<p>Im Nana Golden Beach ist Eva Aretaki als Front Office &amp; Reservierungsmanagerin t\u00e4tig. Durch ihre au\u00dfergew\u00f6hnlichen Organisations- und Zeitmanagementf\u00e4higkeiten stellt sie sicher, dass jeder Gast einen reibungslosen Aufenthalt in diesem renommierten Ort f\u00fcr kretische Gastfreundschaft hat. Eva beaufsichtigt sorgf\u00e4ltig die Bearbeitung aller Buchungen und Anforderungen, um sicherzustellen, dass nichts durch die Maschen f\u00e4llt. Ihr nat\u00fcrliches Kommunikationstalent und ihre bemerkenswerte Diplomatie machen sie zu einer Expertin in allen Fragen der G\u00e4stebetreuung.<\/p><p>Seit dem Abschluss ihres Studiums an der Fakult\u00e4t f\u00fcr Betriebswirtschaft und Tourismus der Hellenic Mediterranean University im Jahr 1995 ist Eva ein fester Bestandteil des Nana Golden Beach Teams. Ihre flie\u00dfenden Englisch-, Deutsch-, Franz\u00f6sisch- und Italienischkenntnisse erh\u00f6hen den Wert, den sie in das Hotel einbringt, und erm\u00f6glichen es ihr, den internationalen G\u00e4sten des Hotels erstklassige Dienstleistungen zu bieten.<\/p>\t\t\t\t\t\t\t\t<\/div>\n\t\t\t\t<\/div>\n\t\t\t\t\t<\/div>\n\t\t<\/div>\n\t\t\t\t\t<\/div>\n\t\t<\/section>\n\t\t\t\t<section class=\"elementor-section elementor-top-section elementor-element elementor-element-39aba6bb elementor-section-boxed elementor-section-height-default elementor-section-height-default\" data-id=\"39aba6bb\" data-element_type=\"section\" data-settings=\"{&quot;background_background&quot;:&quot;classic&quot;}\">\n\t\t\t\t\t\t<div class=\"elementor-container elementor-column-gap-default\">\n\t\t\t\t\t<div class=\"elementor-column elementor-col-100 elementor-top-column elementor-element elementor-element-200560c4\" data-id=\"200560c4\" data-element_type=\"column\" data-settings=\"{&quot;background_background&quot;:&quot;classic&quot;}\">\n\t\t\t<div class=\"elementor-widget-wrap elementor-element-populated\">\n\t\t\t\t\t\t<div class=\"elementor-element elementor-element-9f1076 elementor-widget elementor-widget-spacer\" data-id=\"9f1076\" data-element_type=\"widget\" data-widget_type=\"spacer.default\">\n\t\t\t\t<div class=\"elementor-widget-container\">\n\t\t\t\t\t\t\t<div class=\"elementor-spacer\">\n\t\t\t<div class=\"elementor-spacer-inner\"><\/div>\n\t\t<\/div>\n\t\t\t\t\t\t<\/div>\n\t\t\t\t<\/div>\n\t\t\t\t\t<\/div>\n\t\t<\/div>\n\t\t\t\t\t<\/div>\n\t\t<\/section>\n\t\t\t\t<\/div>\n\t\t","protected":false},"excerpt":{"rendered":"<p>Eva Aretaki Front Office &amp; Reservation Manager Im Nana Golden Beach ist Eva Aretaki als Front Office &amp; Reservierungsmanagerin t\u00e4tig. Durch ihre au\u00dfergew\u00f6hnlichen Organisations- und Zeitmanagementf\u00e4higkeiten stellt sie sicher, dass jeder Gast einen reibungslosen Aufenthalt in diesem renommierten Ort f\u00fcr kretische Gastfreundschaft hat. Eva beaufsichtigt sorgf\u00e4ltig die Bearbeitung aller Buchungen und Anforderungen, um sicherzustellen, dass [&hellip;]<\/p>\n","protected":false},"author":8,"featured_media":0,"parent":0,"menu_order":0,"comment_status":"closed","ping_status":"closed","template":"","meta":{"footnotes":""},"class_list":["post-1691","page","type-page","status-publish","hentry"],"yoast_head":"<!-- This site is optimized with the Yoast SEO plugin v25.6 - https:\/\/yoast.com\/wordpress\/plugins\/seo\/ -->\n<title>Eva Aretaki DE new - Nana Hotels<\/title>\n<meta name=\"robots\" content=\"index, follow, max-snippet:-1, max-image-preview:large, max-video-preview:-1\" \/>\n<link rel=\"canonical\" href=\"https:\/\/www.nanahotels.gr\/de\/eva-aretaki-de-new\/\" \/>\n<meta property=\"og:locale\" content=\"de_DE\" \/>\n<meta property=\"og:type\" content=\"article\" \/>\n<meta property=\"og:title\" content=\"Eva Aretaki DE new - Nana Hotels\" \/>\n<meta property=\"og:description\" content=\"Eva Aretaki Front Office &amp; Reservation Manager Im Nana Golden Beach ist Eva Aretaki als Front Office &amp; Reservierungsmanagerin t\u00e4tig. Durch ihre au\u00dfergew\u00f6hnlichen Organisations- und Zeitmanagementf\u00e4higkeiten stellt sie sicher, dass jeder Gast einen reibungslosen Aufenthalt in diesem renommierten Ort f\u00fcr kretische Gastfreundschaft hat. Eva beaufsichtigt sorgf\u00e4ltig die Bearbeitung aller Buchungen und Anforderungen, um sicherzustellen, dass [&hellip;]\" \/>\n<meta property=\"og:url\" content=\"https:\/\/www.nanahotels.gr\/de\/eva-aretaki-de-new\/\" \/>\n<meta property=\"og:site_name\" content=\"Nana Hotels\" \/>\n<meta property=\"article:modified_time\" content=\"2023-04-29T17:35:18+00:00\" \/>\n<meta property=\"og:image\" content=\"https:\/\/www.nanahotels.gr\/wp-content\/uploads\/2020\/08\/eva-aretaki-nana-karatzis.jpg\" \/>\n<meta name=\"twitter:card\" content=\"summary_large_image\" \/>\n<meta name=\"twitter:label1\" content=\"Gesch\u00e4tzte Lesezeit\" \/>\n\t<meta name=\"twitter:data1\" content=\"1\u00a0Minute\" \/>\n<script type=\"application\/ld+json\" class=\"yoast-schema-graph\">{\"@context\":\"https:\/\/schema.org\",\"@graph\":[{\"@type\":\"WebPage\",\"@id\":\"https:\/\/www.nanahotels.gr\/de\/eva-aretaki-de-new\/\",\"url\":\"https:\/\/www.nanahotels.gr\/de\/eva-aretaki-de-new\/\",\"name\":\"Eva Aretaki DE new - Nana Hotels\",\"isPartOf\":{\"@id\":\"https:\/\/www.nanahotels.gr\/#website\"},\"primaryImageOfPage\":{\"@id\":\"https:\/\/www.nanahotels.gr\/de\/eva-aretaki-de-new\/#primaryimage\"},\"image\":{\"@id\":\"https:\/\/www.nanahotels.gr\/de\/eva-aretaki-de-new\/#primaryimage\"},\"thumbnailUrl\":\"https:\/\/www.nanahotels.gr\/wp-content\/uploads\/2020\/08\/eva-aretaki-nana-karatzis.jpg\",\"datePublished\":\"2023-04-29T17:30:56+00:00\",\"dateModified\":\"2023-04-29T17:35:18+00:00\",\"breadcrumb\":{\"@id\":\"https:\/\/www.nanahotels.gr\/de\/eva-aretaki-de-new\/#breadcrumb\"},\"inLanguage\":\"de\",\"potentialAction\":[{\"@type\":\"ReadAction\",\"target\":[\"https:\/\/www.nanahotels.gr\/de\/eva-aretaki-de-new\/\"]}]},{\"@type\":\"ImageObject\",\"inLanguage\":\"de\",\"@id\":\"https:\/\/www.nanahotels.gr\/de\/eva-aretaki-de-new\/#primaryimage\",\"url\":\"https:\/\/www.nanahotels.gr\/wp-content\/uploads\/2020\/08\/eva-aretaki-nana-karatzis.jpg\",\"contentUrl\":\"https:\/\/www.nanahotels.gr\/wp-content\/uploads\/2020\/08\/eva-aretaki-nana-karatzis.jpg\"},{\"@type\":\"BreadcrumbList\",\"@id\":\"https:\/\/www.nanahotels.gr\/de\/eva-aretaki-de-new\/#breadcrumb\",\"itemListElement\":[{\"@type\":\"ListItem\",\"position\":1,\"name\":\"Home\",\"item\":\"https:\/\/www.nanahotels.gr\/de\/\"},{\"@type\":\"ListItem\",\"position\":2,\"name\":\"Eva Aretaki DE new\"}]},{\"@type\":\"WebSite\",\"@id\":\"https:\/\/www.nanahotels.gr\/#website\",\"url\":\"https:\/\/www.nanahotels.gr\/\",\"name\":\"Nana Hotels\",\"description\":\"\",\"publisher\":{\"@id\":\"https:\/\/www.nanahotels.gr\/#organization\"},\"potentialAction\":[{\"@type\":\"SearchAction\",\"target\":{\"@type\":\"EntryPoint\",\"urlTemplate\":\"https:\/\/www.nanahotels.gr\/?s={search_term_string}\"},\"query-input\":{\"@type\":\"PropertyValueSpecification\",\"valueRequired\":true,\"valueName\":\"search_term_string\"}}],\"inLanguage\":\"de\"},{\"@type\":\"Organization\",\"@id\":\"https:\/\/www.nanahotels.gr\/#organization\",\"name\":\"Nana Hotels\",\"url\":\"https:\/\/www.nanahotels.gr\/\",\"logo\":{\"@type\":\"ImageObject\",\"inLanguage\":\"de\",\"@id\":\"https:\/\/www.nanahotels.gr\/#\/schema\/logo\/image\/\",\"url\":\"https:\/\/www.nanahotels.gr\/wp-content\/uploads\/2025\/12\/NH-PNG-TRANSPARENT-e1764680767802.png\",\"contentUrl\":\"https:\/\/www.nanahotels.gr\/wp-content\/uploads\/2025\/12\/NH-PNG-TRANSPARENT-e1764680767802.png\",\"width\":150,\"height\":150,\"caption\":\"Nana Hotels\"},\"image\":{\"@id\":\"https:\/\/www.nanahotels.gr\/#\/schema\/logo\/image\/\"}}]}<\/script>\n<!-- \/ Yoast SEO plugin. -->","yoast_head_json":{"title":"Eva Aretaki DE new - Nana Hotels","robots":{"index":"index","follow":"follow","max-snippet":"max-snippet:-1","max-image-preview":"max-image-preview:large","max-video-preview":"max-video-preview:-1"},"canonical":"https:\/\/www.nanahotels.gr\/de\/eva-aretaki-de-new\/","og_locale":"de_DE","og_type":"article","og_title":"Eva Aretaki DE new - Nana Hotels","og_description":"Eva Aretaki Front Office &amp; Reservation Manager Im Nana Golden Beach ist Eva Aretaki als Front Office &amp; Reservierungsmanagerin t\u00e4tig. Durch ihre au\u00dfergew\u00f6hnlichen Organisations- und Zeitmanagementf\u00e4higkeiten stellt sie sicher, dass jeder Gast einen reibungslosen Aufenthalt in diesem renommierten Ort f\u00fcr kretische Gastfreundschaft hat. Eva beaufsichtigt sorgf\u00e4ltig die Bearbeitung aller Buchungen und Anforderungen, um sicherzustellen, dass [&hellip;]","og_url":"https:\/\/www.nanahotels.gr\/de\/eva-aretaki-de-new\/","og_site_name":"Nana Hotels","article_modified_time":"2023-04-29T17:35:18+00:00","og_image":[{"url":"https:\/\/www.nanahotels.gr\/wp-content\/uploads\/2020\/08\/eva-aretaki-nana-karatzis.jpg","type":"","width":"","height":""}],"twitter_card":"summary_large_image","twitter_misc":{"Gesch\u00e4tzte Lesezeit":"1\u00a0Minute"},"schema":{"@context":"https:\/\/schema.org","@graph":[{"@type":"WebPage","@id":"https:\/\/www.nanahotels.gr\/de\/eva-aretaki-de-new\/","url":"https:\/\/www.nanahotels.gr\/de\/eva-aretaki-de-new\/","name":"Eva Aretaki DE new - Nana Hotels","isPartOf":{"@id":"https:\/\/www.nanahotels.gr\/#website"},"primaryImageOfPage":{"@id":"https:\/\/www.nanahotels.gr\/de\/eva-aretaki-de-new\/#primaryimage"},"image":{"@id":"https:\/\/www.nanahotels.gr\/de\/eva-aretaki-de-new\/#primaryimage"},"thumbnailUrl":"https:\/\/www.nanahotels.gr\/wp-content\/uploads\/2020\/08\/eva-aretaki-nana-karatzis.jpg","datePublished":"2023-04-29T17:30:56+00:00","dateModified":"2023-04-29T17:35:18+00:00","breadcrumb":{"@id":"https:\/\/www.nanahotels.gr\/de\/eva-aretaki-de-new\/#breadcrumb"},"inLanguage":"de","potentialAction":[{"@type":"ReadAction","target":["https:\/\/www.nanahotels.gr\/de\/eva-aretaki-de-new\/"]}]},{"@type":"ImageObject","inLanguage":"de","@id":"https:\/\/www.nanahotels.gr\/de\/eva-aretaki-de-new\/#primaryimage","url":"https:\/\/www.nanahotels.gr\/wp-content\/uploads\/2020\/08\/eva-aretaki-nana-karatzis.jpg","contentUrl":"https:\/\/www.nanahotels.gr\/wp-content\/uploads\/2020\/08\/eva-aretaki-nana-karatzis.jpg"},{"@type":"BreadcrumbList","@id":"https:\/\/www.nanahotels.gr\/de\/eva-aretaki-de-new\/#breadcrumb","itemListElement":[{"@type":"ListItem","position":1,"name":"Home","item":"https:\/\/www.nanahotels.gr\/de\/"},{"@type":"ListItem","position":2,"name":"Eva Aretaki DE new"}]},{"@type":"WebSite","@id":"https:\/\/www.nanahotels.gr\/#website","url":"https:\/\/www.nanahotels.gr\/","name":"Nana Hotels","description":"","publisher":{"@id":"https:\/\/www.nanahotels.gr\/#organization"},"potentialAction":[{"@type":"SearchAction","target":{"@type":"EntryPoint","urlTemplate":"https:\/\/www.nanahotels.gr\/?s={search_term_string}"},"query-input":{"@type":"PropertyValueSpecification","valueRequired":true,"valueName":"search_term_string"}}],"inLanguage":"de"},{"@type":"Organization","@id":"https:\/\/www.nanahotels.gr\/#organization","name":"Nana Hotels","url":"https:\/\/www.nanahotels.gr\/","logo":{"@type":"ImageObject","inLanguage":"de","@id":"https:\/\/www.nanahotels.gr\/#\/schema\/logo\/image\/","url":"https:\/\/www.nanahotels.gr\/wp-content\/uploads\/2025\/12\/NH-PNG-TRANSPARENT-e1764680767802.png","contentUrl":"https:\/\/www.nanahotels.gr\/wp-content\/uploads\/2025\/12\/NH-PNG-TRANSPARENT-e1764680767802.png","width":150,"height":150,"caption":"Nana Hotels"},"image":{"@id":"https:\/\/www.nanahotels.gr\/#\/schema\/logo\/image\/"}}]}},"_links":{"self":[{"href":"https:\/\/www.nanahotels.gr\/de\/wp-json\/wp\/v2\/pages\/1691","targetHints":{"allow":["GET"]}}],"collection":[{"href":"https:\/\/www.nanahotels.gr\/de\/wp-json\/wp\/v2\/pages"}],"about":[{"href":"https:\/\/www.nanahotels.gr\/de\/wp-json\/wp\/v2\/types\/page"}],"author":[{"embeddable":true,"href":"https:\/\/www.nanahotels.gr\/de\/wp-json\/wp\/v2\/users\/8"}],"replies":[{"embeddable":true,"href":"https:\/\/www.nanahotels.gr\/de\/wp-json\/wp\/v2\/comments?post=1691"}],"version-history":[{"count":7,"href":"https:\/\/www.nanahotels.gr\/de\/wp-json\/wp\/v2\/pages\/1691\/revisions"}],"predecessor-version":[{"id":1699,"href":"https:\/\/www.nanahotels.gr\/de\/wp-json\/wp\/v2\/pages\/1691\/revisions\/1699"}],"wp:attachment":[{"href":"https:\/\/www.nanahotels.gr\/de\/wp-json\/wp\/v2\/media?parent=1691"}],"curies":[{"name":"wp","href":"https:\/\/api.w.org\/{rel}","templated":true}]}}